{"id":18,"date":"2022-04-01T21:12:05","date_gmt":"2022-04-02T00:12:05","guid":{"rendered":"http:\/\/localhost\/germanica.com.br\/?page_id=18"},"modified":"2024-11-18T21:20:04","modified_gmt":"2024-11-19T00:20:04","slug":"fale-conosco","status":"publish","type":"page","link":"https:\/\/dev.webdesigncriarte.com\/germanica.com.br\/fale-conosco\/","title":{"rendered":"Fale conosco"},"content":{"rendered":"\r\n<p>Fale conosco e saiba mais detalhes sobre como podemos ajudar sua empresa.<\/p>\r\n\r\n\r\n\r\n<p>&nbsp;<\/p>\r\n","protected":false},"excerpt":{"rendered":"<p>Fale conosco e saiba mais detalhes sobre como podemos ajudar sua empresa. &nbsp;<\/p>\n","protected":false},"author":1,"featured_media":34,"parent":0,"menu_order":0,"comment_status":"closed","ping_status":"closed","template":"fale-conosco.php","meta":{"footnotes":""},"class_list":["post-18","page","type-page","status-publish","has-post-thumbnail","hentry"],"yoast_head":"<!-- This site is optimized with the Yoast SEO plugin v24.7 - https:\/\/yoast.com\/wordpress\/plugins\/seo\/ -->\n<title>Fale conosco - Germ\u00e2nica<\/title>\n<meta name=\"robots\" content=\"noindex, follow, max-snippet:-1, max-image-preview:large, max-video-preview:-1\" \/>\n<meta property=\"og:locale\" content=\"pt_BR\" \/>\n<meta property=\"og:type\" content=\"article\" \/>\n<meta property=\"og:title\" content=\"Fale conosco - Germ\u00e2nica\" \/>\n<meta property=\"og:description\" content=\"Fale conosco e saiba mais detalhes sobre como podemos ajudar sua empresa. &nbsp;\" \/>\n<meta property=\"og:url\" content=\"https:\/\/dev.webdesigncriarte.com\/germanica.com.br\/fale-conosco\/\" \/>\n<meta property=\"og:site_name\" content=\"Germ\u00e2nica\" \/>\n<meta property=\"article:modified_time\" content=\"2024-11-19T00:20:04+00:00\" \/>\n<meta property=\"og:image\" content=\"https:\/\/dev.webdesigncriarte.com\/germanica.com.br\/wp-content\/uploads\/2022\/04\/cost-bg.jpg\" \/>\n\t<meta property=\"og:image:width\" content=\"1600\" \/>\n\t<meta property=\"og:image:height\" content=\"833\" \/>\n\t<meta property=\"og:image:type\" content=\"image\/jpeg\" \/>\n<meta name=\"twitter:card\" content=\"summary_large_image\" \/>\n<script type=\"application\/ld+json\" class=\"yoast-schema-graph\">{\"@context\":\"https:\/\/schema.org\",\"@graph\":[{\"@type\":\"WebPage\",\"@id\":\"https:\/\/dev.webdesigncriarte.com\/germanica.com.br\/fale-conosco\/\",\"url\":\"https:\/\/dev.webdesigncriarte.com\/germanica.com.br\/fale-conosco\/\",\"name\":\"Fale conosco - Germ\u00e2nica\",\"isPartOf\":{\"@id\":\"https:\/\/dev.webdesigncriarte.com\/germanica.com.br\/#website\"},\"primaryImageOfPage\":{\"@id\":\"https:\/\/dev.webdesigncriarte.com\/germanica.com.br\/fale-conosco\/#primaryimage\"},\"image\":{\"@id\":\"https:\/\/dev.webdesigncriarte.com\/germanica.com.br\/fale-conosco\/#primaryimage\"},\"thumbnailUrl\":\"https:\/\/dev.webdesigncriarte.com\/germanica.com.br\/wp-content\/uploads\/2022\/04\/cost-bg.jpg\",\"datePublished\":\"2022-04-02T00:12:05+00:00\",\"dateModified\":\"2024-11-19T00:20:04+00:00\",\"breadcrumb\":{\"@id\":\"https:\/\/dev.webdesigncriarte.com\/germanica.com.br\/fale-conosco\/#breadcrumb\"},\"inLanguage\":\"pt-BR\",\"potentialAction\":[{\"@type\":\"ReadAction\",\"target\":[\"https:\/\/dev.webdesigncriarte.com\/germanica.com.br\/fale-conosco\/\"]}]},{\"@type\":\"ImageObject\",\"inLanguage\":\"pt-BR\",\"@id\":\"https:\/\/dev.webdesigncriarte.com\/germanica.com.br\/fale-conosco\/#primaryimage\",\"url\":\"https:\/\/dev.webdesigncriarte.com\/germanica.com.br\/wp-content\/uploads\/2022\/04\/cost-bg.jpg\",\"contentUrl\":\"https:\/\/dev.webdesigncriarte.com\/germanica.com.br\/wp-content\/uploads\/2022\/04\/cost-bg.jpg\",\"width\":1600,\"height\":833},{\"@type\":\"BreadcrumbList\",\"@id\":\"https:\/\/dev.webdesigncriarte.com\/germanica.com.br\/fale-conosco\/#breadcrumb\",\"itemListElement\":[{\"@type\":\"ListItem\",\"position\":1,\"name\":\"In\u00edcio\",\"item\":\"https:\/\/dev.webdesigncriarte.com\/germanica.com.br\/\"},{\"@type\":\"ListItem\",\"position\":2,\"name\":\"Fale conosco\"}]},{\"@type\":\"WebSite\",\"@id\":\"https:\/\/dev.webdesigncriarte.com\/germanica.com.br\/#website\",\"url\":\"https:\/\/dev.webdesigncriarte.com\/germanica.com.br\/\",\"name\":\"Germ\u00e2nica\",\"description\":\"H\u00e1 mais de 40 anos, a Germ\u00e2nica oferece aos seus clientes servi\u00e7os de Contabilidade, Consultoria Empresarial, Auditoria, Organiza\u00e7\u00e3o de Empresas, elabora\u00e7\u00e3o de Cis\u00f5es, Fus\u00f5es, Incorpora\u00e7\u00f5es e cria\u00e7\u00e3o de holdings patrimoniais.\",\"potentialAction\":[{\"@type\":\"SearchAction\",\"target\":{\"@type\":\"EntryPoint\",\"urlTemplate\":\"https:\/\/dev.webdesigncriarte.com\/germanica.com.br\/?s={search_term_string}\"},\"query-input\":{\"@type\":\"PropertyValueSpecification\",\"valueRequired\":true,\"valueName\":\"search_term_string\"}}],\"inLanguage\":\"pt-BR\"}]}<\/script>\n<!-- \/ Yoast SEO plugin. -->","yoast_head_json":{"title":"Fale conosco - Germ\u00e2nica","robots":{"index":"noindex","follow":"follow","max-snippet":"max-snippet:-1","max-image-preview":"max-image-preview:large","max-video-preview":"max-video-preview:-1"},"og_locale":"pt_BR","og_type":"article","og_title":"Fale conosco - Germ\u00e2nica","og_description":"Fale conosco e saiba mais detalhes sobre como podemos ajudar sua empresa. &nbsp;","og_url":"https:\/\/dev.webdesigncriarte.com\/germanica.com.br\/fale-conosco\/","og_site_name":"Germ\u00e2nica","article_modified_time":"2024-11-19T00:20:04+00:00","og_image":[{"width":1600,"height":833,"url":"https:\/\/dev.webdesigncriarte.com\/germanica.com.br\/wp-content\/uploads\/2022\/04\/cost-bg.jpg","type":"image\/jpeg"}],"twitter_card":"summary_large_image","schema":{"@context":"https:\/\/schema.org","@graph":[{"@type":"WebPage","@id":"https:\/\/dev.webdesigncriarte.com\/germanica.com.br\/fale-conosco\/","url":"https:\/\/dev.webdesigncriarte.com\/germanica.com.br\/fale-conosco\/","name":"Fale conosco - Germ\u00e2nica","isPartOf":{"@id":"https:\/\/dev.webdesigncriarte.com\/germanica.com.br\/#website"},"primaryImageOfPage":{"@id":"https:\/\/dev.webdesigncriarte.com\/germanica.com.br\/fale-conosco\/#primaryimage"},"image":{"@id":"https:\/\/dev.webdesigncriarte.com\/germanica.com.br\/fale-conosco\/#primaryimage"},"thumbnailUrl":"https:\/\/dev.webdesigncriarte.com\/germanica.com.br\/wp-content\/uploads\/2022\/04\/cost-bg.jpg","datePublished":"2022-04-02T00:12:05+00:00","dateModified":"2024-11-19T00:20:04+00:00","breadcrumb":{"@id":"https:\/\/dev.webdesigncriarte.com\/germanica.com.br\/fale-conosco\/#breadcrumb"},"inLanguage":"pt-BR","potentialAction":[{"@type":"ReadAction","target":["https:\/\/dev.webdesigncriarte.com\/germanica.com.br\/fale-conosco\/"]}]},{"@type":"ImageObject","inLanguage":"pt-BR","@id":"https:\/\/dev.webdesigncriarte.com\/germanica.com.br\/fale-conosco\/#primaryimage","url":"https:\/\/dev.webdesigncriarte.com\/germanica.com.br\/wp-content\/uploads\/2022\/04\/cost-bg.jpg","contentUrl":"https:\/\/dev.webdesigncriarte.com\/germanica.com.br\/wp-content\/uploads\/2022\/04\/cost-bg.jpg","width":1600,"height":833},{"@type":"BreadcrumbList","@id":"https:\/\/dev.webdesigncriarte.com\/germanica.com.br\/fale-conosco\/#breadcrumb","itemListElement":[{"@type":"ListItem","position":1,"name":"In\u00edcio","item":"https:\/\/dev.webdesigncriarte.com\/germanica.com.br\/"},{"@type":"ListItem","position":2,"name":"Fale conosco"}]},{"@type":"WebSite","@id":"https:\/\/dev.webdesigncriarte.com\/germanica.com.br\/#website","url":"https:\/\/dev.webdesigncriarte.com\/germanica.com.br\/","name":"Germ\u00e2nica","description":"H\u00e1 mais de 40 anos, a Germ\u00e2nica oferece aos seus clientes servi\u00e7os de Contabilidade, Consultoria Empresarial, Auditoria, Organiza\u00e7\u00e3o de Empresas, elabora\u00e7\u00e3o de Cis\u00f5es, Fus\u00f5es, Incorpora\u00e7\u00f5es e cria\u00e7\u00e3o de holdings patrimoniais.","potentialAction":[{"@type":"SearchAction","target":{"@type":"EntryPoint","urlTemplate":"https:\/\/dev.webdesigncriarte.com\/germanica.com.br\/?s={search_term_string}"},"query-input":{"@type":"PropertyValueSpecification","valueRequired":true,"valueName":"search_term_string"}}],"inLanguage":"pt-BR"}]}},"_links":{"self":[{"href":"https:\/\/dev.webdesigncriarte.com\/germanica.com.br\/wp-json\/wp\/v2\/pages\/18","targetHints":{"allow":["GET"]}}],"collection":[{"href":"https:\/\/dev.webdesigncriarte.com\/germanica.com.br\/wp-json\/wp\/v2\/pages"}],"about":[{"href":"https:\/\/dev.webdesigncriarte.com\/germanica.com.br\/wp-json\/wp\/v2\/types\/page"}],"author":[{"embeddable":true,"href":"https:\/\/dev.webdesigncriarte.com\/germanica.com.br\/wp-json\/wp\/v2\/users\/1"}],"replies":[{"embeddable":true,"href":"https:\/\/dev.webdesigncriarte.com\/germanica.com.br\/wp-json\/wp\/v2\/comments?post=18"}],"version-history":[{"count":3,"href":"https:\/\/dev.webdesigncriarte.com\/germanica.com.br\/wp-json\/wp\/v2\/pages\/18\/revisions"}],"predecessor-version":[{"id":83,"href":"https:\/\/dev.webdesigncriarte.com\/germanica.com.br\/wp-json\/wp\/v2\/pages\/18\/revisions\/83"}],"wp:featuredmedia":[{"embeddable":true,"href":"https:\/\/dev.webdesigncriarte.com\/germanica.com.br\/wp-json\/wp\/v2\/media\/34"}],"wp:attachment":[{"href":"https:\/\/dev.webdesigncriarte.com\/germanica.com.br\/wp-json\/wp\/v2\/media?parent=18"}],"curies":[{"name":"wp","href":"https:\/\/api.w.org\/{rel}","templated":true}]}}