{"id":122,"date":"2025-02-22T11:51:16","date_gmt":"2025-02-22T14:51:16","guid":{"rendered":"https:\/\/dev.webdesigncriarte.com\/germanica.com.br\/?page_id=122"},"modified":"2025-03-14T13:36:56","modified_gmt":"2025-03-14T16:36:56","slug":"contabilidade-consultiva-comercial","status":"publish","type":"page","link":"https:\/\/dev.webdesigncriarte.com\/germanica.com.br\/contabilidade-consultiva-comercial\/","title":{"rendered":"Contabilidade consultiva comercial"},"content":{"rendered":"<p>A contabilidade \u00e9 um instrumento que pode fornecer ao empres\u00e1rio ferramentas para administrar de forma clara e segura seu neg\u00f3cio, com maior participa\u00e7\u00e3o dos colaboradores. Al\u00e9m disso, a contabilidade \u00e9 importante de atender as exig\u00eancias da fiscaliza\u00e7\u00e3o federal, estadual e municipal.<\/p>\n","protected":false},"excerpt":{"rendered":"<p>A contabilidade \u00e9 um instrumento que pode fornecer ao empres\u00e1rio ferramentas para administrar de forma clara e segura seu neg\u00f3cio, com maior participa\u00e7\u00e3o dos colaboradores. Al\u00e9m disso, a contabilidade \u00e9 importante de atender as exig\u00eancias da fiscaliza\u00e7\u00e3o federal, estadual e municipal.<\/p>\n","protected":false},"author":1,"featured_media":90,"parent":0,"menu_order":0,"comment_status":"closed","ping_status":"closed","template":"page-consultoria.php","meta":{"footnotes":""},"class_list":["post-122","page","type-page","status-publish","has-post-thumbnail","hentry"],"yoast_head":"<!-- This site is optimized with the Yoast SEO plugin v24.7 - https:\/\/yoast.com\/wordpress\/plugins\/seo\/ -->\n<title>Contabilidade consultiva comercial - Germ\u00e2nica<\/title>\n<meta name=\"robots\" content=\"noindex, follow, max-snippet:-1, max-image-preview:large, max-video-preview:-1\" \/>\n<meta property=\"og:locale\" content=\"pt_BR\" \/>\n<meta property=\"og:type\" content=\"article\" \/>\n<meta property=\"og:title\" content=\"Contabilidade consultiva comercial - Germ\u00e2nica\" \/>\n<meta property=\"og:description\" content=\"A contabilidade \u00e9 um instrumento que pode fornecer ao empres\u00e1rio ferramentas para administrar de forma clara e segura seu neg\u00f3cio, com maior participa\u00e7\u00e3o dos colaboradores. Al\u00e9m disso, a contabilidade \u00e9 importante de atender as exig\u00eancias da fiscaliza\u00e7\u00e3o federal, estadual e municipal.\" \/>\n<meta property=\"og:url\" content=\"https:\/\/dev.webdesigncriarte.com\/germanica.com.br\/contabilidade-consultiva-comercial\/\" \/>\n<meta property=\"og:site_name\" content=\"Germ\u00e2nica\" \/>\n<meta property=\"article:modified_time\" content=\"2025-03-14T16:36:56+00:00\" \/>\n<meta property=\"og:image\" content=\"https:\/\/dev.webdesigncriarte.com\/germanica.com.br\/wp-content\/uploads\/2022\/04\/laudo.jpg\" \/>\n\t<meta property=\"og:image:width\" content=\"1000\" \/>\n\t<meta property=\"og:image:height\" content=\"667\" \/>\n\t<meta property=\"og:image:type\" content=\"image\/jpeg\" \/>\n<meta name=\"twitter:card\" content=\"summary_large_image\" \/>\n<meta name=\"twitter:label1\" content=\"Est. tempo de leitura\" \/>\n\t<meta name=\"twitter:data1\" content=\"1 minuto\" \/>\n<script type=\"application\/ld+json\" class=\"yoast-schema-graph\">{\"@context\":\"https:\/\/schema.org\",\"@graph\":[{\"@type\":\"WebPage\",\"@id\":\"https:\/\/dev.webdesigncriarte.com\/germanica.com.br\/contabilidade-consultiva-comercial\/\",\"url\":\"https:\/\/dev.webdesigncriarte.com\/germanica.com.br\/contabilidade-consultiva-comercial\/\",\"name\":\"Contabilidade consultiva comercial - Germ\u00e2nica\",\"isPartOf\":{\"@id\":\"https:\/\/dev.webdesigncriarte.com\/germanica.com.br\/#website\"},\"primaryImageOfPage\":{\"@id\":\"https:\/\/dev.webdesigncriarte.com\/germanica.com.br\/contabilidade-consultiva-comercial\/#primaryimage\"},\"image\":{\"@id\":\"https:\/\/dev.webdesigncriarte.com\/germanica.com.br\/contabilidade-consultiva-comercial\/#primaryimage\"},\"thumbnailUrl\":\"https:\/\/dev.webdesigncriarte.com\/germanica.com.br\/wp-content\/uploads\/2022\/04\/laudo.jpg\",\"datePublished\":\"2025-02-22T14:51:16+00:00\",\"dateModified\":\"2025-03-14T16:36:56+00:00\",\"breadcrumb\":{\"@id\":\"https:\/\/dev.webdesigncriarte.com\/germanica.com.br\/contabilidade-consultiva-comercial\/#breadcrumb\"},\"inLanguage\":\"pt-BR\",\"potentialAction\":[{\"@type\":\"ReadAction\",\"target\":[\"https:\/\/dev.webdesigncriarte.com\/germanica.com.br\/contabilidade-consultiva-comercial\/\"]}]},{\"@type\":\"ImageObject\",\"inLanguage\":\"pt-BR\",\"@id\":\"https:\/\/dev.webdesigncriarte.com\/germanica.com.br\/contabilidade-consultiva-comercial\/#primaryimage\",\"url\":\"https:\/\/dev.webdesigncriarte.com\/germanica.com.br\/wp-content\/uploads\/2022\/04\/laudo.jpg\",\"contentUrl\":\"https:\/\/dev.webdesigncriarte.com\/germanica.com.br\/wp-content\/uploads\/2022\/04\/laudo.jpg\",\"width\":1000,\"height\":667},{\"@type\":\"BreadcrumbList\",\"@id\":\"https:\/\/dev.webdesigncriarte.com\/germanica.com.br\/contabilidade-consultiva-comercial\/#breadcrumb\",\"itemListElement\":[{\"@type\":\"ListItem\",\"position\":1,\"name\":\"In\u00edcio\",\"item\":\"https:\/\/dev.webdesigncriarte.com\/germanica.com.br\/\"},{\"@type\":\"ListItem\",\"position\":2,\"name\":\"Contabilidade consultiva comercial\"}]},{\"@type\":\"WebSite\",\"@id\":\"https:\/\/dev.webdesigncriarte.com\/germanica.com.br\/#website\",\"url\":\"https:\/\/dev.webdesigncriarte.com\/germanica.com.br\/\",\"name\":\"Germ\u00e2nica\",\"description\":\"H\u00e1 mais de 40 anos, a Germ\u00e2nica oferece aos seus clientes servi\u00e7os de Contabilidade, Consultoria Empresarial, Auditoria, Organiza\u00e7\u00e3o de Empresas, elabora\u00e7\u00e3o de Cis\u00f5es, Fus\u00f5es, Incorpora\u00e7\u00f5es e cria\u00e7\u00e3o de holdings patrimoniais.\",\"potentialAction\":[{\"@type\":\"SearchAction\",\"target\":{\"@type\":\"EntryPoint\",\"urlTemplate\":\"https:\/\/dev.webdesigncriarte.com\/germanica.com.br\/?s={search_term_string}\"},\"query-input\":{\"@type\":\"PropertyValueSpecification\",\"valueRequired\":true,\"valueName\":\"search_term_string\"}}],\"inLanguage\":\"pt-BR\"}]}<\/script>\n<!-- \/ Yoast SEO plugin. -->","yoast_head_json":{"title":"Contabilidade consultiva comercial - Germ\u00e2nica","robots":{"index":"noindex","follow":"follow","max-snippet":"max-snippet:-1","max-image-preview":"max-image-preview:large","max-video-preview":"max-video-preview:-1"},"og_locale":"pt_BR","og_type":"article","og_title":"Contabilidade consultiva comercial - Germ\u00e2nica","og_description":"A contabilidade \u00e9 um instrumento que pode fornecer ao empres\u00e1rio ferramentas para administrar de forma clara e segura seu neg\u00f3cio, com maior participa\u00e7\u00e3o dos colaboradores. Al\u00e9m disso, a contabilidade \u00e9 importante de atender as exig\u00eancias da fiscaliza\u00e7\u00e3o federal, estadual e municipal.","og_url":"https:\/\/dev.webdesigncriarte.com\/germanica.com.br\/contabilidade-consultiva-comercial\/","og_site_name":"Germ\u00e2nica","article_modified_time":"2025-03-14T16:36:56+00:00","og_image":[{"width":1000,"height":667,"url":"https:\/\/dev.webdesigncriarte.com\/germanica.com.br\/wp-content\/uploads\/2022\/04\/laudo.jpg","type":"image\/jpeg"}],"twitter_card":"summary_large_image","twitter_misc":{"Est. tempo de leitura":"1 minuto"},"schema":{"@context":"https:\/\/schema.org","@graph":[{"@type":"WebPage","@id":"https:\/\/dev.webdesigncriarte.com\/germanica.com.br\/contabilidade-consultiva-comercial\/","url":"https:\/\/dev.webdesigncriarte.com\/germanica.com.br\/contabilidade-consultiva-comercial\/","name":"Contabilidade consultiva comercial - Germ\u00e2nica","isPartOf":{"@id":"https:\/\/dev.webdesigncriarte.com\/germanica.com.br\/#website"},"primaryImageOfPage":{"@id":"https:\/\/dev.webdesigncriarte.com\/germanica.com.br\/contabilidade-consultiva-comercial\/#primaryimage"},"image":{"@id":"https:\/\/dev.webdesigncriarte.com\/germanica.com.br\/contabilidade-consultiva-comercial\/#primaryimage"},"thumbnailUrl":"https:\/\/dev.webdesigncriarte.com\/germanica.com.br\/wp-content\/uploads\/2022\/04\/laudo.jpg","datePublished":"2025-02-22T14:51:16+00:00","dateModified":"2025-03-14T16:36:56+00:00","breadcrumb":{"@id":"https:\/\/dev.webdesigncriarte.com\/germanica.com.br\/contabilidade-consultiva-comercial\/#breadcrumb"},"inLanguage":"pt-BR","potentialAction":[{"@type":"ReadAction","target":["https:\/\/dev.webdesigncriarte.com\/germanica.com.br\/contabilidade-consultiva-comercial\/"]}]},{"@type":"ImageObject","inLanguage":"pt-BR","@id":"https:\/\/dev.webdesigncriarte.com\/germanica.com.br\/contabilidade-consultiva-comercial\/#primaryimage","url":"https:\/\/dev.webdesigncriarte.com\/germanica.com.br\/wp-content\/uploads\/2022\/04\/laudo.jpg","contentUrl":"https:\/\/dev.webdesigncriarte.com\/germanica.com.br\/wp-content\/uploads\/2022\/04\/laudo.jpg","width":1000,"height":667},{"@type":"BreadcrumbList","@id":"https:\/\/dev.webdesigncriarte.com\/germanica.com.br\/contabilidade-consultiva-comercial\/#breadcrumb","itemListElement":[{"@type":"ListItem","position":1,"name":"In\u00edcio","item":"https:\/\/dev.webdesigncriarte.com\/germanica.com.br\/"},{"@type":"ListItem","position":2,"name":"Contabilidade consultiva comercial"}]},{"@type":"WebSite","@id":"https:\/\/dev.webdesigncriarte.com\/germanica.com.br\/#website","url":"https:\/\/dev.webdesigncriarte.com\/germanica.com.br\/","name":"Germ\u00e2nica","description":"H\u00e1 mais de 40 anos, a Germ\u00e2nica oferece aos seus clientes servi\u00e7os de Contabilidade, Consultoria Empresarial, Auditoria, Organiza\u00e7\u00e3o de Empresas, elabora\u00e7\u00e3o de Cis\u00f5es, Fus\u00f5es, Incorpora\u00e7\u00f5es e cria\u00e7\u00e3o de holdings patrimoniais.","potentialAction":[{"@type":"SearchAction","target":{"@type":"EntryPoint","urlTemplate":"https:\/\/dev.webdesigncriarte.com\/germanica.com.br\/?s={search_term_string}"},"query-input":{"@type":"PropertyValueSpecification","valueRequired":true,"valueName":"search_term_string"}}],"inLanguage":"pt-BR"}]}},"_links":{"self":[{"href":"https:\/\/dev.webdesigncriarte.com\/germanica.com.br\/wp-json\/wp\/v2\/pages\/122","targetHints":{"allow":["GET"]}}],"collection":[{"href":"https:\/\/dev.webdesigncriarte.com\/germanica.com.br\/wp-json\/wp\/v2\/pages"}],"about":[{"href":"https:\/\/dev.webdesigncriarte.com\/germanica.com.br\/wp-json\/wp\/v2\/types\/page"}],"author":[{"embeddable":true,"href":"https:\/\/dev.webdesigncriarte.com\/germanica.com.br\/wp-json\/wp\/v2\/users\/1"}],"replies":[{"embeddable":true,"href":"https:\/\/dev.webdesigncriarte.com\/germanica.com.br\/wp-json\/wp\/v2\/comments?post=122"}],"version-history":[{"count":2,"href":"https:\/\/dev.webdesigncriarte.com\/germanica.com.br\/wp-json\/wp\/v2\/pages\/122\/revisions"}],"predecessor-version":[{"id":135,"href":"https:\/\/dev.webdesigncriarte.com\/germanica.com.br\/wp-json\/wp\/v2\/pages\/122\/revisions\/135"}],"wp:featuredmedia":[{"embeddable":true,"href":"https:\/\/dev.webdesigncriarte.com\/germanica.com.br\/wp-json\/wp\/v2\/media\/90"}],"wp:attachment":[{"href":"https:\/\/dev.webdesigncriarte.com\/germanica.com.br\/wp-json\/wp\/v2\/media?parent=122"}],"curies":[{"name":"wp","href":"https:\/\/api.w.org\/{rel}","templated":true}]}}