{"id":11,"date":"2022-04-01T21:11:30","date_gmt":"2022-04-02T00:11:30","guid":{"rendered":"http:\/\/localhost\/germanica.com.br\/?page_id=11"},"modified":"2024-11-18T21:25:53","modified_gmt":"2024-11-19T00:25:53","slug":"sobre-nos","status":"publish","type":"page","link":"https:\/\/dev.webdesigncriarte.com\/germanica.com.br\/sobre-nos\/","title":{"rendered":"Sobre n\u00f3s"},"content":{"rendered":"\r\n<p>A Germ\u00e2nica foi fundada em 1981, em Belo Horizonte\/MG, iniciando a atua\u00e7\u00e3o na presta\u00e7\u00e3o de servi\u00e7os cont\u00e1beis. No final da d\u00e9cada de 1980, a Germ\u00e2nica come\u00e7ou a atuar tamb\u00e9m com auditoria em empresas de diversos segmentos.<\/p>\r\n<p>No decorrer da d\u00e9cada de 1990 a Germ\u00e2nica, sempre atuando sob o comando de profissionais qualificados, passa a oferecer servi\u00e7os de consultoria empresarial nas \u00e1reas administrativa, tribut\u00e1ria e financeira, uma inova\u00e7\u00e3o para a \u00e9poca, gerando confian\u00e7a e tranquilidade para os empres\u00e1rios e gestores.<\/p>\r\n<p>H\u00e1 mais de 40 anos, a Germ\u00e2nica oferece aos seus clientes servi\u00e7os de Contabilidade, Consultoria Empresarial, Auditoria, Organiza\u00e7\u00e3o de Empresas, elabora\u00e7\u00e3o de Cis\u00f5es, Fus\u00f5es, Incorpora\u00e7\u00f5es e cria\u00e7\u00e3o de holdings patrimoniais.<\/p>\r\n<p>No decorrer de todos esses anos a Germ\u00e2nica consolidou-se pela qualidade, pontualidade e profissionalismo na presta\u00e7\u00e3o dos seus servi\u00e7os e pela confiabilidade oferecida ao cliente. A Germ\u00e2nica possu\u00ed hoje clientes em v\u00e1rias partes do territ\u00f3rio nacional, entre eles: empresas de pequeno, m\u00e9dio e grande porte.<\/p>\r\n<p>Nossa equipe \u00e9 supervisionada por dois diretores especializados e com forma\u00e7\u00e3o especializada em v\u00e1rias \u00e1reas.<\/p>\r\n","protected":false},"excerpt":{"rendered":"<p>A Germ\u00e2nica foi fundada em 1981, em Belo Horizonte\/MG, iniciando a atua\u00e7\u00e3o na presta\u00e7\u00e3o de servi\u00e7os cont\u00e1beis. No final da d\u00e9cada de 1980, a Germ\u00e2nica come\u00e7ou a atuar tamb\u00e9m com auditoria em empresas de diversos segmentos. No decorrer da d\u00e9cada de 1990 a Germ\u00e2nica, sempre atuando sob o comando de profissionais qualificados, passa a oferecer [&hellip;]<\/p>\n","protected":false},"author":1,"featured_media":32,"parent":0,"menu_order":0,"comment_status":"closed","ping_status":"closed","template":"page-sobre-nos.php","meta":{"footnotes":""},"class_list":["post-11","page","type-page","status-publish","has-post-thumbnail","hentry"],"yoast_head":"<!-- This site is optimized with the Yoast SEO plugin v24.7 - https:\/\/yoast.com\/wordpress\/plugins\/seo\/ -->\n<title>Sobre n\u00f3s - Germ\u00e2nica<\/title>\n<meta name=\"robots\" content=\"noindex, follow, max-snippet:-1, max-image-preview:large, max-video-preview:-1\" \/>\n<meta property=\"og:locale\" content=\"pt_BR\" \/>\n<meta property=\"og:type\" content=\"article\" \/>\n<meta property=\"og:title\" content=\"Sobre n\u00f3s - Germ\u00e2nica\" \/>\n<meta property=\"og:description\" content=\"A Germ\u00e2nica foi fundada em 1981, em Belo Horizonte\/MG, iniciando a atua\u00e7\u00e3o na presta\u00e7\u00e3o de servi\u00e7os cont\u00e1beis. No final da d\u00e9cada de 1980, a Germ\u00e2nica come\u00e7ou a atuar tamb\u00e9m com auditoria em empresas de diversos segmentos. No decorrer da d\u00e9cada de 1990 a Germ\u00e2nica, sempre atuando sob o comando de profissionais qualificados, passa a oferecer [&hellip;]\" \/>\n<meta property=\"og:url\" content=\"https:\/\/dev.webdesigncriarte.com\/germanica.com.br\/sobre-nos\/\" \/>\n<meta property=\"og:site_name\" content=\"Germ\u00e2nica\" \/>\n<meta property=\"article:modified_time\" content=\"2024-11-19T00:25:53+00:00\" \/>\n<meta property=\"og:image\" content=\"https:\/\/dev.webdesigncriarte.com\/germanica.com.br\/wp-content\/uploads\/2022\/04\/about-air.jpg\" \/>\n\t<meta property=\"og:image:width\" content=\"520\" \/>\n\t<meta property=\"og:image:height\" content=\"520\" \/>\n\t<meta property=\"og:image:type\" content=\"image\/jpeg\" \/>\n<meta name=\"twitter:card\" content=\"summary_large_image\" \/>\n<meta name=\"twitter:label1\" content=\"Est. tempo de leitura\" \/>\n\t<meta name=\"twitter:data1\" content=\"1 minuto\" \/>\n<script type=\"application\/ld+json\" class=\"yoast-schema-graph\">{\"@context\":\"https:\/\/schema.org\",\"@graph\":[{\"@type\":\"WebPage\",\"@id\":\"https:\/\/dev.webdesigncriarte.com\/germanica.com.br\/sobre-nos\/\",\"url\":\"https:\/\/dev.webdesigncriarte.com\/germanica.com.br\/sobre-nos\/\",\"name\":\"Sobre n\u00f3s - Germ\u00e2nica\",\"isPartOf\":{\"@id\":\"https:\/\/dev.webdesigncriarte.com\/germanica.com.br\/#website\"},\"primaryImageOfPage\":{\"@id\":\"https:\/\/dev.webdesigncriarte.com\/germanica.com.br\/sobre-nos\/#primaryimage\"},\"image\":{\"@id\":\"https:\/\/dev.webdesigncriarte.com\/germanica.com.br\/sobre-nos\/#primaryimage\"},\"thumbnailUrl\":\"https:\/\/dev.webdesigncriarte.com\/germanica.com.br\/wp-content\/uploads\/2022\/04\/about-air.jpg\",\"datePublished\":\"2022-04-02T00:11:30+00:00\",\"dateModified\":\"2024-11-19T00:25:53+00:00\",\"breadcrumb\":{\"@id\":\"https:\/\/dev.webdesigncriarte.com\/germanica.com.br\/sobre-nos\/#breadcrumb\"},\"inLanguage\":\"pt-BR\",\"potentialAction\":[{\"@type\":\"ReadAction\",\"target\":[\"https:\/\/dev.webdesigncriarte.com\/germanica.com.br\/sobre-nos\/\"]}]},{\"@type\":\"ImageObject\",\"inLanguage\":\"pt-BR\",\"@id\":\"https:\/\/dev.webdesigncriarte.com\/germanica.com.br\/sobre-nos\/#primaryimage\",\"url\":\"https:\/\/dev.webdesigncriarte.com\/germanica.com.br\/wp-content\/uploads\/2022\/04\/about-air.jpg\",\"contentUrl\":\"https:\/\/dev.webdesigncriarte.com\/germanica.com.br\/wp-content\/uploads\/2022\/04\/about-air.jpg\",\"width\":520,\"height\":520},{\"@type\":\"BreadcrumbList\",\"@id\":\"https:\/\/dev.webdesigncriarte.com\/germanica.com.br\/sobre-nos\/#breadcrumb\",\"itemListElement\":[{\"@type\":\"ListItem\",\"position\":1,\"name\":\"In\u00edcio\",\"item\":\"https:\/\/dev.webdesigncriarte.com\/germanica.com.br\/\"},{\"@type\":\"ListItem\",\"position\":2,\"name\":\"Sobre n\u00f3s\"}]},{\"@type\":\"WebSite\",\"@id\":\"https:\/\/dev.webdesigncriarte.com\/germanica.com.br\/#website\",\"url\":\"https:\/\/dev.webdesigncriarte.com\/germanica.com.br\/\",\"name\":\"Germ\u00e2nica\",\"description\":\"H\u00e1 mais de 40 anos, a Germ\u00e2nica oferece aos seus clientes servi\u00e7os de Contabilidade, Consultoria Empresarial, Auditoria, Organiza\u00e7\u00e3o de Empresas, elabora\u00e7\u00e3o de Cis\u00f5es, Fus\u00f5es, Incorpora\u00e7\u00f5es e cria\u00e7\u00e3o de holdings patrimoniais.\",\"potentialAction\":[{\"@type\":\"SearchAction\",\"target\":{\"@type\":\"EntryPoint\",\"urlTemplate\":\"https:\/\/dev.webdesigncriarte.com\/germanica.com.br\/?s={search_term_string}\"},\"query-input\":{\"@type\":\"PropertyValueSpecification\",\"valueRequired\":true,\"valueName\":\"search_term_string\"}}],\"inLanguage\":\"pt-BR\"}]}<\/script>\n<!-- \/ Yoast SEO plugin. -->","yoast_head_json":{"title":"Sobre n\u00f3s - Germ\u00e2nica","robots":{"index":"noindex","follow":"follow","max-snippet":"max-snippet:-1","max-image-preview":"max-image-preview:large","max-video-preview":"max-video-preview:-1"},"og_locale":"pt_BR","og_type":"article","og_title":"Sobre n\u00f3s - Germ\u00e2nica","og_description":"A Germ\u00e2nica foi fundada em 1981, em Belo Horizonte\/MG, iniciando a atua\u00e7\u00e3o na presta\u00e7\u00e3o de servi\u00e7os cont\u00e1beis. No final da d\u00e9cada de 1980, a Germ\u00e2nica come\u00e7ou a atuar tamb\u00e9m com auditoria em empresas de diversos segmentos. No decorrer da d\u00e9cada de 1990 a Germ\u00e2nica, sempre atuando sob o comando de profissionais qualificados, passa a oferecer [&hellip;]","og_url":"https:\/\/dev.webdesigncriarte.com\/germanica.com.br\/sobre-nos\/","og_site_name":"Germ\u00e2nica","article_modified_time":"2024-11-19T00:25:53+00:00","og_image":[{"width":520,"height":520,"url":"https:\/\/dev.webdesigncriarte.com\/germanica.com.br\/wp-content\/uploads\/2022\/04\/about-air.jpg","type":"image\/jpeg"}],"twitter_card":"summary_large_image","twitter_misc":{"Est. tempo de leitura":"1 minuto"},"schema":{"@context":"https:\/\/schema.org","@graph":[{"@type":"WebPage","@id":"https:\/\/dev.webdesigncriarte.com\/germanica.com.br\/sobre-nos\/","url":"https:\/\/dev.webdesigncriarte.com\/germanica.com.br\/sobre-nos\/","name":"Sobre n\u00f3s - Germ\u00e2nica","isPartOf":{"@id":"https:\/\/dev.webdesigncriarte.com\/germanica.com.br\/#website"},"primaryImageOfPage":{"@id":"https:\/\/dev.webdesigncriarte.com\/germanica.com.br\/sobre-nos\/#primaryimage"},"image":{"@id":"https:\/\/dev.webdesigncriarte.com\/germanica.com.br\/sobre-nos\/#primaryimage"},"thumbnailUrl":"https:\/\/dev.webdesigncriarte.com\/germanica.com.br\/wp-content\/uploads\/2022\/04\/about-air.jpg","datePublished":"2022-04-02T00:11:30+00:00","dateModified":"2024-11-19T00:25:53+00:00","breadcrumb":{"@id":"https:\/\/dev.webdesigncriarte.com\/germanica.com.br\/sobre-nos\/#breadcrumb"},"inLanguage":"pt-BR","potentialAction":[{"@type":"ReadAction","target":["https:\/\/dev.webdesigncriarte.com\/germanica.com.br\/sobre-nos\/"]}]},{"@type":"ImageObject","inLanguage":"pt-BR","@id":"https:\/\/dev.webdesigncriarte.com\/germanica.com.br\/sobre-nos\/#primaryimage","url":"https:\/\/dev.webdesigncriarte.com\/germanica.com.br\/wp-content\/uploads\/2022\/04\/about-air.jpg","contentUrl":"https:\/\/dev.webdesigncriarte.com\/germanica.com.br\/wp-content\/uploads\/2022\/04\/about-air.jpg","width":520,"height":520},{"@type":"BreadcrumbList","@id":"https:\/\/dev.webdesigncriarte.com\/germanica.com.br\/sobre-nos\/#breadcrumb","itemListElement":[{"@type":"ListItem","position":1,"name":"In\u00edcio","item":"https:\/\/dev.webdesigncriarte.com\/germanica.com.br\/"},{"@type":"ListItem","position":2,"name":"Sobre n\u00f3s"}]},{"@type":"WebSite","@id":"https:\/\/dev.webdesigncriarte.com\/germanica.com.br\/#website","url":"https:\/\/dev.webdesigncriarte.com\/germanica.com.br\/","name":"Germ\u00e2nica","description":"H\u00e1 mais de 40 anos, a Germ\u00e2nica oferece aos seus clientes servi\u00e7os de Contabilidade, Consultoria Empresarial, Auditoria, Organiza\u00e7\u00e3o de Empresas, elabora\u00e7\u00e3o de Cis\u00f5es, Fus\u00f5es, Incorpora\u00e7\u00f5es e cria\u00e7\u00e3o de holdings patrimoniais.","potentialAction":[{"@type":"SearchAction","target":{"@type":"EntryPoint","urlTemplate":"https:\/\/dev.webdesigncriarte.com\/germanica.com.br\/?s={search_term_string}"},"query-input":{"@type":"PropertyValueSpecification","valueRequired":true,"valueName":"search_term_string"}}],"inLanguage":"pt-BR"}]}},"_links":{"self":[{"href":"https:\/\/dev.webdesigncriarte.com\/germanica.com.br\/wp-json\/wp\/v2\/pages\/11","targetHints":{"allow":["GET"]}}],"collection":[{"href":"https:\/\/dev.webdesigncriarte.com\/germanica.com.br\/wp-json\/wp\/v2\/pages"}],"about":[{"href":"https:\/\/dev.webdesigncriarte.com\/germanica.com.br\/wp-json\/wp\/v2\/types\/page"}],"author":[{"embeddable":true,"href":"https:\/\/dev.webdesigncriarte.com\/germanica.com.br\/wp-json\/wp\/v2\/users\/1"}],"replies":[{"embeddable":true,"href":"https:\/\/dev.webdesigncriarte.com\/germanica.com.br\/wp-json\/wp\/v2\/comments?post=11"}],"version-history":[{"count":4,"href":"https:\/\/dev.webdesigncriarte.com\/germanica.com.br\/wp-json\/wp\/v2\/pages\/11\/revisions"}],"predecessor-version":[{"id":84,"href":"https:\/\/dev.webdesigncriarte.com\/germanica.com.br\/wp-json\/wp\/v2\/pages\/11\/revisions\/84"}],"wp:featuredmedia":[{"embeddable":true,"href":"https:\/\/dev.webdesigncriarte.com\/germanica.com.br\/wp-json\/wp\/v2\/media\/32"}],"wp:attachment":[{"href":"https:\/\/dev.webdesigncriarte.com\/germanica.com.br\/wp-json\/wp\/v2\/media?parent=11"}],"curies":[{"name":"wp","href":"https:\/\/api.w.org\/{rel}","templated":true}]}}